{"id":5555,"date":"2022-05-09T06:44:02","date_gmt":"2022-05-09T06:44:02","guid":{"rendered":"http:\/\/dmn139.ipmarketing.grn.es\/avis-legal\/"},"modified":"2023-07-13T11:00:31","modified_gmt":"2023-07-13T11:00:31","slug":"avis-legal","status":"publish","type":"page","link":"https:\/\/agroevolya.com\/ca\/avis-legal\/","title":{"rendered":"Av\u00eds legal"},"content":{"rendered":"\t\t<div data-elementor-type=\"wp-page\" data-elementor-id=\"5555\" class=\"elementor elementor-5555 elementor-1517\" data-elementor-post-type=\"page\">\n\t\t\t\t\t\t<section class=\"elementor-section elementor-top-section elementor-element elementor-element-503fd1c5 elementor-section-boxed elementor-section-height-default elementor-section-height-default elementor-invisible\" data-id=\"503fd1c5\" data-element_type=\"section\" data-e-type=\"section\" data-settings=\"{&quot;background_background&quot;:&quot;classic&quot;,&quot;animation&quot;:&quot;fadeIn&quot;}\">\n\t\t\t\t\t\t\t<div class=\"elementor-background-overlay\"><\/div>\n\t\t\t\t\t\t\t<div class=\"elementor-container elementor-column-gap-default\">\n\t\t\t\t\t<div class=\"elementor-column elementor-col-100 elementor-top-column elementor-element elementor-element-7a91061f\" data-id=\"7a91061f\" data-element_type=\"column\" data-e-type=\"column\">\n\t\t\t<div class=\"elementor-widget-wrap elementor-element-populated\">\n\t\t\t\t\t\t<div class=\"elementor-element elementor-element-484a71b elementor-invisible elementor-widget elementor-widget-heading\" data-id=\"484a71b\" data-element_type=\"widget\" data-e-type=\"widget\" data-settings=\"{&quot;_animation&quot;:&quot;fadeInUp&quot;}\" data-widget_type=\"heading.default\">\n\t\t\t\t<div class=\"elementor-widget-container\">\n\t\t\t\t\t<h1 class=\"elementor-heading-title elementor-size-default\">AV\u00cdS LEGAL<\/h1>\t\t\t\t<\/div>\n\t\t\t\t<\/div>\n\t\t\t\t\t<\/div>\n\t\t<\/div>\n\t\t\t\t\t<\/div>\n\t\t<\/section>\n\t\t\t\t<section class=\"elementor-section elementor-top-section elementor-element elementor-element-38d2a769 elementor-section-boxed elementor-section-height-default elementor-section-height-default\" data-id=\"38d2a769\" data-element_type=\"section\" data-e-type=\"section\">\n\t\t\t\t\t\t<div class=\"elementor-container elementor-column-gap-default\">\n\t\t\t\t\t<div class=\"elementor-column elementor-col-100 elementor-top-column elementor-element elementor-element-4f4b3ff3\" data-id=\"4f4b3ff3\" data-element_type=\"column\" data-e-type=\"column\">\n\t\t\t<div class=\"elementor-widget-wrap elementor-element-populated\">\n\t\t\t\t\t\t<div class=\"elementor-element elementor-element-5321206f elementor-widget elementor-widget-text-editor\" data-id=\"5321206f\" data-element_type=\"widget\" data-e-type=\"widget\" data-widget_type=\"text-editor.default\">\n\t\t\t\t<div class=\"elementor-widget-container\">\n\t\t\t\t\t\t\t\t\t<p style=\"margin: 0cm 0cm 15.0pt 0cm;\"><span style=\"font-family: 'Arial',sans-serif; color: black;\">En compliment de l&#8217;article 10 de la Llei 34\/2002, de 11 de juliol, de Serveis de la Societat de la Informaci\u00f3 i Comer\u00e7 Electr\u00f2nic (LSSICE) a continuaci\u00f3 es detallen les dades identificatives de l&#8217;entitat: AGROEVOLYA, SL<\/span><\/p>\t\t\t\t\t\t\t\t<\/div>\n\t\t\t\t<\/div>\n\t\t\t\t<div class=\"elementor-element elementor-element-39219988 elementor-widget elementor-widget-text-editor\" data-id=\"39219988\" data-element_type=\"widget\" data-e-type=\"widget\" data-widget_type=\"text-editor.default\">\n\t\t\t\t<div class=\"elementor-widget-container\">\n\t\t\t\t\t\t\t\t\t<p><strong>Rao social:<\/strong>\u00a0AGROEVOLYA, SL<\/p><p>\u00a0<\/p><p><strong>NIF:<\/strong> B67813410<\/p><p><strong>Direcci\u00f3:<\/strong> Rambla Corregidor Escofet, 87 1\u00ba1\u00aa\u00a0 LLEIDA (25005)<\/p><p><strong>Tel\u00e9fon:<\/strong> 973307494<\/p><p><strong>Email:<\/strong> <a style=\"color: inherit;\" href=\"mailto:evolya@evolya.com\">gestion@agroevolya.com<\/a><\/p>\t\t\t\t\t\t\t\t<\/div>\n\t\t\t\t<\/div>\n\t\t\t\t<div class=\"elementor-element elementor-element-edf967a elementor-widget elementor-widget-text-editor\" data-id=\"edf967a\" data-element_type=\"widget\" data-e-type=\"widget\" data-widget_type=\"text-editor.default\">\n\t\t\t\t<div class=\"elementor-widget-container\">\n\t\t\t\t\t\t\t\t\t<h3>Finalitat de la p\u00e0gina web:<\/h3><p>Aquest lloc web ha estat creat amb car\u00e0cter informatiu i per l&#8217;\u00fas personal dels usuaris. A trav\u00e9s d&#8217;aquest Av\u00eds legal, es pret\u00e9n regular l&#8217;acc\u00e9s i l&#8217;\u00fas d&#8217;aquest lloc web, aix\u00ed com la relaci\u00f3 entre el lloc web i els usuaris.<br \/>Preus i condicions: Segons caracter\u00edstiques dels treballs a realitzar.<\/p><p>Aquest av\u00eds legal (d&#8217;ara endavant, l'&#8221;Av\u00eds Legal&#8221;) regula l&#8217;\u00fas del lloc web: <a style=\"color: inherit;\" href=\"https:\/\/www.evolya.com\/\">https:\/\/agroevolya.com<\/a><\/p>\t\t\t\t\t\t\t\t<\/div>\n\t\t\t\t<\/div>\n\t\t\t\t<div class=\"elementor-element elementor-element-c25e11d elementor-widget elementor-widget-text-editor\" data-id=\"c25e11d\" data-element_type=\"widget\" data-e-type=\"widget\" data-widget_type=\"text-editor.default\">\n\t\t\t\t<div class=\"elementor-widget-container\">\n\t\t\t\t\t\t\t\t\t<h3>LEGISLACI\u00d3.<\/h3><p>Amb car\u00e0cter general les relacions AGROEVOLYA, SL i els Usuaris dels seus serveis telem\u00e0tics, presents en aquest lloc web, estan sotmeses a la legislaci\u00f3 i jurisdicci\u00f3 espanyola.<\/p>\t\t\t\t\t\t\t\t<\/div>\n\t\t\t\t<\/div>\n\t\t\t\t<div class=\"elementor-element elementor-element-e194cdc elementor-widget elementor-widget-text-editor\" data-id=\"e194cdc\" data-element_type=\"widget\" data-e-type=\"widget\" data-widget_type=\"text-editor.default\">\n\t\t\t\t<div class=\"elementor-widget-container\">\n\t\t\t\t\t\t\t\t\t<h3>\u00daS I ACC\u00c9S D&#8217;USUARIS.<\/h3><p>L&#8217;Usuari queda informat, i accepta, que l&#8217;acc\u00e9s a la present web no suposa, de cap manera, l&#8217;inici d&#8217;una relaci\u00f3 comercial amb AGROEVOLYA, SL o qualsevol de les delegacions.<\/p>\t\t\t\t\t\t\t\t<\/div>\n\t\t\t\t<\/div>\n\t\t\t\t<div class=\"elementor-element elementor-element-59bbb5b elementor-widget elementor-widget-text-editor\" data-id=\"59bbb5b\" data-element_type=\"widget\" data-e-type=\"widget\" data-widget_type=\"text-editor.default\">\n\t\t\t\t<div class=\"elementor-widget-container\">\n\t\t\t\t\t\t\t\t\t<h3>PROPIETAT INTEL\u00b7LECTUAL I INDUSTRIAL.<\/h3><p>Els dret de propietat intel\u00b7lectual del contingut de les p\u00e0gines web, el seu disseny gr\u00e0fic i codi s\u00f3n titularitat d&#8217;AGROEVOLYA, SL i, per tant, queda prohibida la seva reproducci\u00f3, distribuci\u00f3, comunicaci\u00f3 p\u00fablica, transformaci\u00f3 o qualsevol altra activitat que es pugui fer amb els continguts de les seves p\u00e0gines web ni fins i tot citant les fonts, llevat del consentiment per escrit de AGROEVOLYA, SL.<\/p>\t\t\t\t\t\t\t\t<\/div>\n\t\t\t\t<\/div>\n\t\t\t\t<div class=\"elementor-element elementor-element-87e3058 elementor-widget elementor-widget-text-editor\" data-id=\"87e3058\" data-element_type=\"widget\" data-e-type=\"widget\" data-widget_type=\"text-editor.default\">\n\t\t\t\t<div class=\"elementor-widget-container\">\n\t\t\t\t\t\t\t\t\t<h3>CONTINGUT DE LA WEB I ENLLA\u00c7OS (LINKS).<\/h3><p style=\"margin: 0cm 0cm 15.0pt 0cm;\"><span style=\"font-family: 'Arial',sans-serif;\">AGROEVOLYA, SL es reserva el dret a actualitzar, modificar o eliminar la informaci\u00f3 continguda a les seves p\u00e0gines web i fins i tot pot limitar o no permetre l&#8217;acc\u00e9s a aquesta informaci\u00f3 a certs usuaris.<\/span><\/p><p>AGROEVOLYA, SL no assumeix cap responsabilitat per l&#8217;informaci\u00f3 continguda en p\u00e0gines web de tercers a les quals es pugui accedir per &#8220;links&#8221; o enlla\u00e7os des de qualsevol p\u00e0gina web propietat AGROEVOLYA, SL. La pres\u00e8ncia de &#8220;links&#8221; o enlla\u00e7os a les p\u00e0gines web d&#8217;AGROEVOLYA, SL t\u00e9 finalitat merament informativa i en cap cas suposa suggeriment, invitaci\u00f3 o recomanaci\u00f3 sobre aquests.<\/p>\t\t\t\t\t\t\t\t<\/div>\n\t\t\t\t<\/div>\n\t\t\t\t\t<\/div>\n\t\t<\/div>\n\t\t\t\t\t<\/div>\n\t\t<\/section>\n\t\t\t\t<\/div>\n\t\t","protected":false},"excerpt":{"rendered":"<p>AV\u00cdS LEGAL En compliment de l&#8217;article 10 de la Llei 34\/2002, de 11 de juliol, de Serveis de la Societat de la Informaci\u00f3 i Comer\u00e7 Electr\u00f2nic (LSSICE) a continuaci\u00f3 es detallen les dades identificatives de l&#8217;entitat: AGROEVOLYA, SL Rao social:\u00a0AGROEVOLYA, SL \u00a0 NIF: B67813410 Direcci\u00f3: Rambla Corregidor Escofet, 87 1\u00ba1\u00aa\u00a0 LLEIDA (25005) Tel\u00e9fon: 973307494 Email: [&hellip;]<\/p>\n","protected":false},"author":1,"featured_media":0,"parent":0,"menu_order":0,"comment_status":"closed","ping_status":"closed","template":"elementor_header_footer","meta":{"footnotes":""},"class_list":["post-5555","page","type-page","status-publish","hentry"],"yoast_head":"<!-- This site is optimized with the Yoast SEO plugin v27.3 - https:\/\/yoast.com\/product\/yoast-seo-wordpress\/ -->\n<title>Av\u00eds legal - AgroEvolya<\/title>\n<meta name=\"robots\" content=\"index, follow, max-snippet:-1, max-image-preview:large, max-video-preview:-1\" \/>\n<link rel=\"canonical\" href=\"https:\/\/agroevolya.com\/aviso-legal\/\" \/>\n<meta property=\"og:locale\" content=\"ca_ES\" \/>\n<meta property=\"og:type\" content=\"article\" \/>\n<meta property=\"og:title\" content=\"Av\u00eds legal - AgroEvolya\" \/>\n<meta property=\"og:description\" content=\"AV\u00cdS LEGAL En compliment de l&#8217;article 10 de la Llei 34\/2002, de 11 de juliol, de Serveis de la Societat de la Informaci\u00f3 i Comer\u00e7 Electr\u00f2nic (LSSICE) a continuaci\u00f3 es detallen les dades identificatives de l&#8217;entitat: AGROEVOLYA, SL Rao social:\u00a0AGROEVOLYA, SL \u00a0 NIF: B67813410 Direcci\u00f3: Rambla Corregidor Escofet, 87 1\u00ba1\u00aa\u00a0 LLEIDA (25005) Tel\u00e9fon: 973307494 Email: [&hellip;]\" \/>\n<meta property=\"og:url\" content=\"https:\/\/agroevolya.com\/aviso-legal\/\" \/>\n<meta property=\"og:site_name\" content=\"AgroEvolya\" \/>\n<meta property=\"article:modified_time\" content=\"2023-07-13T11:00:31+00:00\" \/>\n<meta name=\"twitter:card\" content=\"summary_large_image\" \/>\n<meta name=\"twitter:label1\" content=\"Temps estimat de lectura\" \/>\n\t<meta name=\"twitter:data1\" content=\"2 minuts\" \/>\n<script type=\"application\/ld+json\" class=\"yoast-schema-graph\">{\"@context\":\"https:\\\/\\\/schema.org\",\"@graph\":[{\"@type\":\"WebPage\",\"@id\":\"https:\\\/\\\/agroevolya.com\\\/aviso-legal\\\/\",\"url\":\"https:\\\/\\\/agroevolya.com\\\/aviso-legal\\\/\",\"name\":\"Av\u00eds legal - AgroEvolya\",\"isPartOf\":{\"@id\":\"https:\\\/\\\/agroevolya.com\\\/#website\"},\"datePublished\":\"2022-05-09T06:44:02+00:00\",\"dateModified\":\"2023-07-13T11:00:31+00:00\",\"breadcrumb\":{\"@id\":\"https:\\\/\\\/agroevolya.com\\\/aviso-legal\\\/#breadcrumb\"},\"inLanguage\":\"ca\",\"potentialAction\":[{\"@type\":\"ReadAction\",\"target\":[\"https:\\\/\\\/agroevolya.com\\\/aviso-legal\\\/\"]}]},{\"@type\":\"BreadcrumbList\",\"@id\":\"https:\\\/\\\/agroevolya.com\\\/aviso-legal\\\/#breadcrumb\",\"itemListElement\":[{\"@type\":\"ListItem\",\"position\":1,\"name\":\"Portada\",\"item\":\"https:\\\/\\\/agroevolya.com\\\/ca\\\/\"},{\"@type\":\"ListItem\",\"position\":2,\"name\":\"Av\u00eds legal\"}]},{\"@type\":\"WebSite\",\"@id\":\"https:\\\/\\\/agroevolya.com\\\/#website\",\"url\":\"https:\\\/\\\/agroevolya.com\\\/\",\"name\":\"AgroEvolya\",\"description\":\"Fertilizantes\",\"publisher\":{\"@id\":\"https:\\\/\\\/agroevolya.com\\\/#organization\"},\"potentialAction\":[{\"@type\":\"SearchAction\",\"target\":{\"@type\":\"EntryPoint\",\"urlTemplate\":\"https:\\\/\\\/agroevolya.com\\\/?s={search_term_string}\"},\"query-input\":{\"@type\":\"PropertyValueSpecification\",\"valueRequired\":true,\"valueName\":\"search_term_string\"}}],\"inLanguage\":\"ca\"},{\"@type\":\"Organization\",\"@id\":\"https:\\\/\\\/agroevolya.com\\\/#organization\",\"name\":\"Evolya\",\"url\":\"https:\\\/\\\/agroevolya.com\\\/\",\"logo\":{\"@type\":\"ImageObject\",\"inLanguage\":\"ca\",\"@id\":\"https:\\\/\\\/agroevolya.com\\\/#\\\/schema\\\/logo\\\/image\\\/\",\"url\":\"https:\\\/\\\/agroevolya.com\\\/wp-content\\\/uploads\\\/4_image005.png\",\"contentUrl\":\"https:\\\/\\\/agroevolya.com\\\/wp-content\\\/uploads\\\/4_image005.png\",\"width\":244,\"height\":94,\"caption\":\"Evolya\"},\"image\":{\"@id\":\"https:\\\/\\\/agroevolya.com\\\/#\\\/schema\\\/logo\\\/image\\\/\"}}]}<\/script>\n<!-- \/ Yoast SEO plugin. -->","yoast_head_json":{"title":"Av\u00eds legal - AgroEvolya","robots":{"index":"index","follow":"follow","max-snippet":"max-snippet:-1","max-image-preview":"max-image-preview:large","max-video-preview":"max-video-preview:-1"},"canonical":"https:\/\/agroevolya.com\/aviso-legal\/","og_locale":"ca_ES","og_type":"article","og_title":"Av\u00eds legal - AgroEvolya","og_description":"AV\u00cdS LEGAL En compliment de l&#8217;article 10 de la Llei 34\/2002, de 11 de juliol, de Serveis de la Societat de la Informaci\u00f3 i Comer\u00e7 Electr\u00f2nic (LSSICE) a continuaci\u00f3 es detallen les dades identificatives de l&#8217;entitat: AGROEVOLYA, SL Rao social:\u00a0AGROEVOLYA, SL \u00a0 NIF: B67813410 Direcci\u00f3: Rambla Corregidor Escofet, 87 1\u00ba1\u00aa\u00a0 LLEIDA (25005) Tel\u00e9fon: 973307494 Email: [&hellip;]","og_url":"https:\/\/agroevolya.com\/aviso-legal\/","og_site_name":"AgroEvolya","article_modified_time":"2023-07-13T11:00:31+00:00","twitter_card":"summary_large_image","twitter_misc":{"Temps estimat de lectura":"2 minuts"},"schema":{"@context":"https:\/\/schema.org","@graph":[{"@type":"WebPage","@id":"https:\/\/agroevolya.com\/aviso-legal\/","url":"https:\/\/agroevolya.com\/aviso-legal\/","name":"Av\u00eds legal - AgroEvolya","isPartOf":{"@id":"https:\/\/agroevolya.com\/#website"},"datePublished":"2022-05-09T06:44:02+00:00","dateModified":"2023-07-13T11:00:31+00:00","breadcrumb":{"@id":"https:\/\/agroevolya.com\/aviso-legal\/#breadcrumb"},"inLanguage":"ca","potentialAction":[{"@type":"ReadAction","target":["https:\/\/agroevolya.com\/aviso-legal\/"]}]},{"@type":"BreadcrumbList","@id":"https:\/\/agroevolya.com\/aviso-legal\/#breadcrumb","itemListElement":[{"@type":"ListItem","position":1,"name":"Portada","item":"https:\/\/agroevolya.com\/ca\/"},{"@type":"ListItem","position":2,"name":"Av\u00eds legal"}]},{"@type":"WebSite","@id":"https:\/\/agroevolya.com\/#website","url":"https:\/\/agroevolya.com\/","name":"AgroEvolya","description":"Fertilizantes","publisher":{"@id":"https:\/\/agroevolya.com\/#organization"},"potentialAction":[{"@type":"SearchAction","target":{"@type":"EntryPoint","urlTemplate":"https:\/\/agroevolya.com\/?s={search_term_string}"},"query-input":{"@type":"PropertyValueSpecification","valueRequired":true,"valueName":"search_term_string"}}],"inLanguage":"ca"},{"@type":"Organization","@id":"https:\/\/agroevolya.com\/#organization","name":"Evolya","url":"https:\/\/agroevolya.com\/","logo":{"@type":"ImageObject","inLanguage":"ca","@id":"https:\/\/agroevolya.com\/#\/schema\/logo\/image\/","url":"https:\/\/agroevolya.com\/wp-content\/uploads\/4_image005.png","contentUrl":"https:\/\/agroevolya.com\/wp-content\/uploads\/4_image005.png","width":244,"height":94,"caption":"Evolya"},"image":{"@id":"https:\/\/agroevolya.com\/#\/schema\/logo\/image\/"}}]}},"_links":{"self":[{"href":"https:\/\/agroevolya.com\/ca\/wp-json\/wp\/v2\/pages\/5555","targetHints":{"allow":["GET"]}}],"collection":[{"href":"https:\/\/agroevolya.com\/ca\/wp-json\/wp\/v2\/pages"}],"about":[{"href":"https:\/\/agroevolya.com\/ca\/wp-json\/wp\/v2\/types\/page"}],"author":[{"embeddable":true,"href":"https:\/\/agroevolya.com\/ca\/wp-json\/wp\/v2\/users\/1"}],"replies":[{"embeddable":true,"href":"https:\/\/agroevolya.com\/ca\/wp-json\/wp\/v2\/comments?post=5555"}],"version-history":[{"count":0,"href":"https:\/\/agroevolya.com\/ca\/wp-json\/wp\/v2\/pages\/5555\/revisions"}],"wp:attachment":[{"href":"https:\/\/agroevolya.com\/ca\/wp-json\/wp\/v2\/media?parent=5555"}],"curies":[{"name":"wp","href":"https:\/\/api.w.org\/{rel}","templated":true}]}}