{"id":5605,"date":"2022-05-09T10:43:03","date_gmt":"2022-05-09T10:43:03","guid":{"rendered":"http:\/\/dmn139.ipmarketing.grn.es\/avis-legal\/"},"modified":"2023-07-13T10:48:54","modified_gmt":"2023-07-13T10:48:54","slug":"avis-legal","status":"publish","type":"page","link":"https:\/\/agroevolya.com\/fr\/avis-legal\/","title":{"rendered":"Avis l\u00e9gal"},"content":{"rendered":"\t\t<div data-elementor-type=\"wp-page\" data-elementor-id=\"5605\" class=\"elementor elementor-5605 elementor-1517\" data-elementor-post-type=\"page\">\n\t\t\t\t\t\t<section class=\"elementor-section elementor-top-section elementor-element elementor-element-503fd1c5 elementor-section-boxed elementor-section-height-default elementor-section-height-default elementor-invisible\" data-id=\"503fd1c5\" data-element_type=\"section\" data-e-type=\"section\" data-settings=\"{&quot;background_background&quot;:&quot;classic&quot;,&quot;animation&quot;:&quot;fadeIn&quot;}\">\n\t\t\t\t\t\t\t<div class=\"elementor-background-overlay\"><\/div>\n\t\t\t\t\t\t\t<div class=\"elementor-container elementor-column-gap-default\">\n\t\t\t\t\t<div class=\"elementor-column elementor-col-100 elementor-top-column elementor-element elementor-element-7a91061f\" data-id=\"7a91061f\" data-element_type=\"column\" data-e-type=\"column\">\n\t\t\t<div class=\"elementor-widget-wrap elementor-element-populated\">\n\t\t\t\t\t\t<div class=\"elementor-element elementor-element-484a71b elementor-invisible elementor-widget elementor-widget-heading\" data-id=\"484a71b\" data-element_type=\"widget\" data-e-type=\"widget\" data-settings=\"{&quot;_animation&quot;:&quot;fadeInUp&quot;}\" data-widget_type=\"heading.default\">\n\t\t\t\t<div class=\"elementor-widget-container\">\n\t\t\t\t\t<h1 class=\"elementor-heading-title elementor-size-default\">AVIS L\u00c9GAL<\/h1>\t\t\t\t<\/div>\n\t\t\t\t<\/div>\n\t\t\t\t\t<\/div>\n\t\t<\/div>\n\t\t\t\t\t<\/div>\n\t\t<\/section>\n\t\t\t\t<section class=\"elementor-section elementor-top-section elementor-element elementor-element-38d2a769 elementor-section-boxed elementor-section-height-default elementor-section-height-default\" data-id=\"38d2a769\" data-element_type=\"section\" data-e-type=\"section\">\n\t\t\t\t\t\t<div class=\"elementor-container elementor-column-gap-default\">\n\t\t\t\t\t<div class=\"elementor-column elementor-col-100 elementor-top-column elementor-element elementor-element-4f4b3ff3\" data-id=\"4f4b3ff3\" data-element_type=\"column\" data-e-type=\"column\">\n\t\t\t<div class=\"elementor-widget-wrap elementor-element-populated\">\n\t\t\t\t\t\t<div class=\"elementor-element elementor-element-5321206f elementor-widget elementor-widget-text-editor\" data-id=\"5321206f\" data-element_type=\"widget\" data-e-type=\"widget\" data-widget_type=\"text-editor.default\">\n\t\t\t\t<div class=\"elementor-widget-container\">\n\t\t\t\t\t\t\t\t\t<p style=\"margin: 0cm 0cm 15.0pt 0cm;\"><span style=\"font-family: 'Arial',sans-serif; color: black;\">Conform\u00e9ment \u00e0 l&rsquo;article 10 de la loi 34\/2002 du 11 juillet sur les services de la soci\u00e9t\u00e9 de l&rsquo;information et du commerce \u00e9lectronique (LSSICE), les donn\u00e9es d&rsquo;identification de l&rsquo;entit\u00e9 sont d\u00e9taill\u00e9es ci-dessous: EVOLYA, SL<\/span><\/p>\t\t\t\t\t\t\t\t<\/div>\n\t\t\t\t<\/div>\n\t\t\t\t<div class=\"elementor-element elementor-element-39219988 elementor-widget elementor-widget-text-editor\" data-id=\"39219988\" data-element_type=\"widget\" data-e-type=\"widget\" data-widget_type=\"text-editor.default\">\n\t\t\t\t<div class=\"elementor-widget-container\">\n\t\t\t\t\t\t\t\t\t<p><strong>Raison sociale:<\/strong>\u00a0AGROEVOLYA, SL<\/p><p>\u00a0<\/p><p><strong>NIF:<\/strong> B67813410<\/p><p><strong>Adresse:<\/strong> Rambla Corregidor Escofet, 87 1\u00ba1\u00aa\u00a0 LLEIDA (25005)<\/p><p><strong>T\u00e9l\u00e9phone:<\/strong> 973307494<\/p><p><strong>Email:<\/strong> <a style=\"color: inherit;\" href=\"mailto:evolya@evolya.com\">gestion@agroevolya.com<\/a><\/p>\t\t\t\t\t\t\t\t<\/div>\n\t\t\t\t<\/div>\n\t\t\t\t<div class=\"elementor-element elementor-element-edf967a elementor-widget elementor-widget-text-editor\" data-id=\"edf967a\" data-element_type=\"widget\" data-e-type=\"widget\" data-widget_type=\"text-editor.default\">\n\t\t\t\t<div class=\"elementor-widget-container\">\n\t\t\t\t\t\t\t\t\t<h3>Objectif du site Web:<\/h3><p>Ce site Web a \u00e9t\u00e9 cr\u00e9\u00e9 \u00e0 des fins d&rsquo;information et pour l&rsquo;usage personnel des utilisateurs. Par le biais de cet avis juridique, il est pr\u00e9vu de r\u00e9glementer l&rsquo;acc\u00e8s et l&rsquo;utilisation de ce site Web, ainsi que la relation entre le site Web et ses utilisateurs.<br \/>Tarifs et conditions : En fonction des caract\u00e9ristiques des travaux \u00e0 r\u00e9aliser.<\/p><p>Les pr\u00e9sentes mentions l\u00e9gales (ci-apr\u00e8s, les \u00ab\u00a0Mentions l\u00e9gales\u00a0\u00bb) r\u00e9gissent l&rsquo;utilisation du site Web: <a style=\"color: inherit;\" href=\"https:\/\/www.evolya.com\/\">https:\/\/agroevolya.com<\/a><\/p>\t\t\t\t\t\t\t\t<\/div>\n\t\t\t\t<\/div>\n\t\t\t\t<div class=\"elementor-element elementor-element-c25e11d elementor-widget elementor-widget-text-editor\" data-id=\"c25e11d\" data-element_type=\"widget\" data-e-type=\"widget\" data-widget_type=\"text-editor.default\">\n\t\t\t\t<div class=\"elementor-widget-container\">\n\t\t\t\t\t\t\t\t\t<h3>L\u00c9GISLATION.<\/h3><p>En g\u00e9n\u00e9ral, les relations entre AGROEVOLYA, SL et les Utilisateurs de ses services t\u00e9l\u00e9matiques, pr\u00e9sents sur ce site Web, sont soumises \u00e0 la l\u00e9gislation et \u00e0 la juridiction espagnoles.<\/p>\t\t\t\t\t\t\t\t<\/div>\n\t\t\t\t<\/div>\n\t\t\t\t<div class=\"elementor-element elementor-element-e194cdc elementor-widget elementor-widget-text-editor\" data-id=\"e194cdc\" data-element_type=\"widget\" data-e-type=\"widget\" data-widget_type=\"text-editor.default\">\n\t\t\t\t<div class=\"elementor-widget-container\">\n\t\t\t\t\t\t\t\t\t<h3>UTILISATION ET ACC\u00c8S DES UTILISATEURS.<\/h3><p>L&rsquo;Utilisateur est inform\u00e9 et accepte que l&rsquo;acc\u00e8s \u00e0 ce site n&rsquo;implique en aucune mani\u00e8re le d\u00e9but d&rsquo;une relation commerciale avec AGROEVOLYA, SL ou l&rsquo;une de ses d\u00e9l\u00e9gations.<\/p>\t\t\t\t\t\t\t\t<\/div>\n\t\t\t\t<\/div>\n\t\t\t\t<div class=\"elementor-element elementor-element-59bbb5b elementor-widget elementor-widget-text-editor\" data-id=\"59bbb5b\" data-element_type=\"widget\" data-e-type=\"widget\" data-widget_type=\"text-editor.default\">\n\t\t\t\t<div class=\"elementor-widget-container\">\n\t\t\t\t\t\t\t\t\t<h3>PROPRI\u00c9T\u00c9 INTELLECTUELLE ET INDUSTRIELLE.<\/h3><p>Les droits de propri\u00e9t\u00e9 intellectuelle du contenu des pages Web, leur conception graphique et leurs codes sont la propri\u00e9t\u00e9 d&rsquo;AGROEVOLYA, SL et, par cons\u00e9quent, leur reproduction, distribution, communication publique, transformation ou toute autre activit\u00e9 pouvant \u00eatre r\u00e9alis\u00e9e avec le contenu est interdite de ses pages web ou m\u00eame de citer les sources, sauf accord \u00e9crit d&rsquo;AGROEVOLYA, SL.<\/p>\t\t\t\t\t\t\t\t<\/div>\n\t\t\t\t<\/div>\n\t\t\t\t<div class=\"elementor-element elementor-element-87e3058 elementor-widget elementor-widget-text-editor\" data-id=\"87e3058\" data-element_type=\"widget\" data-e-type=\"widget\" data-widget_type=\"text-editor.default\">\n\t\t\t\t<div class=\"elementor-widget-container\">\n\t\t\t\t\t\t\t\t\t<h3><span>CONTENU WEB ET LIENS (LINKS).<\/span><\/h3>\n<p style=\"margin: 0cm 0cm 15.0pt 0cm;\"><span style=\"font-family: 'Arial',sans-serif; \">AGROEVOLYA, SL se r\u00e9serve le droit de mettre \u00e0 jour, de modifier ou de supprimer les informations contenues dans ses pages Web et peut m\u00eame limiter ou refuser l&rsquo;acc\u00e8s \u00e0 ces informations \u00e0 certains utilisateurs.<\/span><\/p>\n<p>AGROEVOLYA, SL n&rsquo;assume aucune responsabilit\u00e9 pour les informations contenues dans les pages Web de tiers accessibles via des \u00ab\u00a0liens\u00a0\u00bb ou des liens \u00e0 partir de toute page Web appartenant \u00e0 AGROEVOLYA, SL. La pr\u00e9sence de \u00ab\u00a0liens\u00a0\u00bb ou de liens sur les pages Web d&rsquo;AGROEVOLYA, SL est \u00e0 titre informatif uniquement et n&rsquo;implique en aucun cas une suggestion, une invitation ou une recommandation \u00e0 leur sujet.<\/p>\t\t\t\t\t\t\t\t<\/div>\n\t\t\t\t<\/div>\n\t\t\t\t\t<\/div>\n\t\t<\/div>\n\t\t\t\t\t<\/div>\n\t\t<\/section>\n\t\t\t\t<\/div>\n\t\t","protected":false},"excerpt":{"rendered":"<p>AVIS L\u00c9GAL Conform\u00e9ment \u00e0 l&rsquo;article 10 de la loi 34\/2002 du 11 juillet sur les services de la soci\u00e9t\u00e9 de l&rsquo;information et du commerce \u00e9lectronique (LSSICE), les donn\u00e9es d&rsquo;identification de l&rsquo;entit\u00e9 sont d\u00e9taill\u00e9es ci-dessous: EVOLYA, SL Raison sociale:\u00a0AGROEVOLYA, SL \u00a0 NIF: B67813410 Adresse: Rambla Corregidor Escofet, 87 1\u00ba1\u00aa\u00a0 LLEIDA (25005) T\u00e9l\u00e9phone: 973307494 Email: gestion@agroevolya.com Objectif [&hellip;]<\/p>\n","protected":false},"author":1,"featured_media":0,"parent":0,"menu_order":0,"comment_status":"closed","ping_status":"closed","template":"elementor_header_footer","meta":{"footnotes":""},"class_list":["post-5605","page","type-page","status-publish","hentry"],"yoast_head":"<!-- This site is optimized with the Yoast SEO plugin v27.3 - https:\/\/yoast.com\/product\/yoast-seo-wordpress\/ -->\n<title>Avis l\u00e9gal - AgroEvolya<\/title>\n<meta name=\"robots\" content=\"index, follow, max-snippet:-1, max-image-preview:large, max-video-preview:-1\" \/>\n<link rel=\"canonical\" href=\"https:\/\/agroevolya.com\/aviso-legal\/\" \/>\n<meta property=\"og:locale\" content=\"fr_FR\" \/>\n<meta property=\"og:type\" content=\"article\" \/>\n<meta property=\"og:title\" content=\"Avis l\u00e9gal - AgroEvolya\" \/>\n<meta property=\"og:description\" content=\"AVIS L\u00c9GAL Conform\u00e9ment \u00e0 l&rsquo;article 10 de la loi 34\/2002 du 11 juillet sur les services de la soci\u00e9t\u00e9 de l&rsquo;information et du commerce \u00e9lectronique (LSSICE), les donn\u00e9es d&rsquo;identification de l&rsquo;entit\u00e9 sont d\u00e9taill\u00e9es ci-dessous: EVOLYA, SL Raison sociale:\u00a0AGROEVOLYA, SL \u00a0 NIF: B67813410 Adresse: Rambla Corregidor Escofet, 87 1\u00ba1\u00aa\u00a0 LLEIDA (25005) T\u00e9l\u00e9phone: 973307494 Email: gestion@agroevolya.com Objectif [&hellip;]\" \/>\n<meta property=\"og:url\" content=\"https:\/\/agroevolya.com\/aviso-legal\/\" \/>\n<meta property=\"og:site_name\" content=\"AgroEvolya\" \/>\n<meta property=\"article:modified_time\" content=\"2023-07-13T10:48:54+00:00\" \/>\n<meta name=\"twitter:card\" content=\"summary_large_image\" \/>\n<meta name=\"twitter:label1\" content=\"Dur\u00e9e de lecture estim\u00e9e\" \/>\n\t<meta name=\"twitter:data1\" content=\"2 minutes\" \/>\n<script type=\"application\/ld+json\" class=\"yoast-schema-graph\">{\"@context\":\"https:\\\/\\\/schema.org\",\"@graph\":[{\"@type\":\"WebPage\",\"@id\":\"https:\\\/\\\/agroevolya.com\\\/aviso-legal\\\/\",\"url\":\"https:\\\/\\\/agroevolya.com\\\/aviso-legal\\\/\",\"name\":\"Avis l\u00e9gal - AgroEvolya\",\"isPartOf\":{\"@id\":\"https:\\\/\\\/agroevolya.com\\\/#website\"},\"datePublished\":\"2022-05-09T10:43:03+00:00\",\"dateModified\":\"2023-07-13T10:48:54+00:00\",\"breadcrumb\":{\"@id\":\"https:\\\/\\\/agroevolya.com\\\/aviso-legal\\\/#breadcrumb\"},\"inLanguage\":\"fr-FR\",\"potentialAction\":[{\"@type\":\"ReadAction\",\"target\":[\"https:\\\/\\\/agroevolya.com\\\/aviso-legal\\\/\"]}]},{\"@type\":\"BreadcrumbList\",\"@id\":\"https:\\\/\\\/agroevolya.com\\\/aviso-legal\\\/#breadcrumb\",\"itemListElement\":[{\"@type\":\"ListItem\",\"position\":1,\"name\":\"Portada\",\"item\":\"https:\\\/\\\/agroevolya.com\\\/\"},{\"@type\":\"ListItem\",\"position\":2,\"name\":\"Avis l\u00e9gal\"}]},{\"@type\":\"WebSite\",\"@id\":\"https:\\\/\\\/agroevolya.com\\\/#website\",\"url\":\"https:\\\/\\\/agroevolya.com\\\/\",\"name\":\"AgroEvolya\",\"description\":\"Fertilizantes\",\"publisher\":{\"@id\":\"https:\\\/\\\/agroevolya.com\\\/#organization\"},\"potentialAction\":[{\"@type\":\"SearchAction\",\"target\":{\"@type\":\"EntryPoint\",\"urlTemplate\":\"https:\\\/\\\/agroevolya.com\\\/?s={search_term_string}\"},\"query-input\":{\"@type\":\"PropertyValueSpecification\",\"valueRequired\":true,\"valueName\":\"search_term_string\"}}],\"inLanguage\":\"fr-FR\"},{\"@type\":\"Organization\",\"@id\":\"https:\\\/\\\/agroevolya.com\\\/#organization\",\"name\":\"Evolya\",\"url\":\"https:\\\/\\\/agroevolya.com\\\/\",\"logo\":{\"@type\":\"ImageObject\",\"inLanguage\":\"fr-FR\",\"@id\":\"https:\\\/\\\/agroevolya.com\\\/#\\\/schema\\\/logo\\\/image\\\/\",\"url\":\"https:\\\/\\\/agroevolya.com\\\/wp-content\\\/uploads\\\/4_image005.png\",\"contentUrl\":\"https:\\\/\\\/agroevolya.com\\\/wp-content\\\/uploads\\\/4_image005.png\",\"width\":244,\"height\":94,\"caption\":\"Evolya\"},\"image\":{\"@id\":\"https:\\\/\\\/agroevolya.com\\\/#\\\/schema\\\/logo\\\/image\\\/\"}}]}<\/script>\n<!-- \/ Yoast SEO plugin. -->","yoast_head_json":{"title":"Avis l\u00e9gal - AgroEvolya","robots":{"index":"index","follow":"follow","max-snippet":"max-snippet:-1","max-image-preview":"max-image-preview:large","max-video-preview":"max-video-preview:-1"},"canonical":"https:\/\/agroevolya.com\/aviso-legal\/","og_locale":"fr_FR","og_type":"article","og_title":"Avis l\u00e9gal - AgroEvolya","og_description":"AVIS L\u00c9GAL Conform\u00e9ment \u00e0 l&rsquo;article 10 de la loi 34\/2002 du 11 juillet sur les services de la soci\u00e9t\u00e9 de l&rsquo;information et du commerce \u00e9lectronique (LSSICE), les donn\u00e9es d&rsquo;identification de l&rsquo;entit\u00e9 sont d\u00e9taill\u00e9es ci-dessous: EVOLYA, SL Raison sociale:\u00a0AGROEVOLYA, SL \u00a0 NIF: B67813410 Adresse: Rambla Corregidor Escofet, 87 1\u00ba1\u00aa\u00a0 LLEIDA (25005) T\u00e9l\u00e9phone: 973307494 Email: gestion@agroevolya.com Objectif [&hellip;]","og_url":"https:\/\/agroevolya.com\/aviso-legal\/","og_site_name":"AgroEvolya","article_modified_time":"2023-07-13T10:48:54+00:00","twitter_card":"summary_large_image","twitter_misc":{"Dur\u00e9e de lecture estim\u00e9e":"2 minutes"},"schema":{"@context":"https:\/\/schema.org","@graph":[{"@type":"WebPage","@id":"https:\/\/agroevolya.com\/aviso-legal\/","url":"https:\/\/agroevolya.com\/aviso-legal\/","name":"Avis l\u00e9gal - AgroEvolya","isPartOf":{"@id":"https:\/\/agroevolya.com\/#website"},"datePublished":"2022-05-09T10:43:03+00:00","dateModified":"2023-07-13T10:48:54+00:00","breadcrumb":{"@id":"https:\/\/agroevolya.com\/aviso-legal\/#breadcrumb"},"inLanguage":"fr-FR","potentialAction":[{"@type":"ReadAction","target":["https:\/\/agroevolya.com\/aviso-legal\/"]}]},{"@type":"BreadcrumbList","@id":"https:\/\/agroevolya.com\/aviso-legal\/#breadcrumb","itemListElement":[{"@type":"ListItem","position":1,"name":"Portada","item":"https:\/\/agroevolya.com\/"},{"@type":"ListItem","position":2,"name":"Avis l\u00e9gal"}]},{"@type":"WebSite","@id":"https:\/\/agroevolya.com\/#website","url":"https:\/\/agroevolya.com\/","name":"AgroEvolya","description":"Fertilizantes","publisher":{"@id":"https:\/\/agroevolya.com\/#organization"},"potentialAction":[{"@type":"SearchAction","target":{"@type":"EntryPoint","urlTemplate":"https:\/\/agroevolya.com\/?s={search_term_string}"},"query-input":{"@type":"PropertyValueSpecification","valueRequired":true,"valueName":"search_term_string"}}],"inLanguage":"fr-FR"},{"@type":"Organization","@id":"https:\/\/agroevolya.com\/#organization","name":"Evolya","url":"https:\/\/agroevolya.com\/","logo":{"@type":"ImageObject","inLanguage":"fr-FR","@id":"https:\/\/agroevolya.com\/#\/schema\/logo\/image\/","url":"https:\/\/agroevolya.com\/wp-content\/uploads\/4_image005.png","contentUrl":"https:\/\/agroevolya.com\/wp-content\/uploads\/4_image005.png","width":244,"height":94,"caption":"Evolya"},"image":{"@id":"https:\/\/agroevolya.com\/#\/schema\/logo\/image\/"}}]}},"_links":{"self":[{"href":"https:\/\/agroevolya.com\/fr\/wp-json\/wp\/v2\/pages\/5605","targetHints":{"allow":["GET"]}}],"collection":[{"href":"https:\/\/agroevolya.com\/fr\/wp-json\/wp\/v2\/pages"}],"about":[{"href":"https:\/\/agroevolya.com\/fr\/wp-json\/wp\/v2\/types\/page"}],"author":[{"embeddable":true,"href":"https:\/\/agroevolya.com\/fr\/wp-json\/wp\/v2\/users\/1"}],"replies":[{"embeddable":true,"href":"https:\/\/agroevolya.com\/fr\/wp-json\/wp\/v2\/comments?post=5605"}],"version-history":[{"count":0,"href":"https:\/\/agroevolya.com\/fr\/wp-json\/wp\/v2\/pages\/5605\/revisions"}],"wp:attachment":[{"href":"https:\/\/agroevolya.com\/fr\/wp-json\/wp\/v2\/media?parent=5605"}],"curies":[{"name":"wp","href":"https:\/\/api.w.org\/{rel}","templated":true}]}}