{"id":5609,"date":"2022-05-09T11:17:38","date_gmt":"2022-05-09T11:17:38","guid":{"rendered":"http:\/\/dmn139.ipmarketing.grn.es\/politique-de-privacite\/"},"modified":"2023-07-13T10:47:27","modified_gmt":"2023-07-13T10:47:27","slug":"politique-de-privacite","status":"publish","type":"page","link":"https:\/\/agroevolya.com\/fr\/politique-de-privacite\/","title":{"rendered":"Politique de privacit\u00e9"},"content":{"rendered":"\t\t<div data-elementor-type=\"wp-page\" data-elementor-id=\"5609\" class=\"elementor elementor-5609 elementor-1262\" data-elementor-post-type=\"page\">\n\t\t\t\t\t\t<section class=\"elementor-section elementor-top-section elementor-element elementor-element-2d6fb222 elementor-section-boxed elementor-section-height-default elementor-section-height-default elementor-invisible\" data-id=\"2d6fb222\" data-element_type=\"section\" data-e-type=\"section\" data-settings=\"{&quot;background_background&quot;:&quot;classic&quot;,&quot;animation&quot;:&quot;fadeIn&quot;}\">\n\t\t\t\t\t\t\t<div class=\"elementor-background-overlay\"><\/div>\n\t\t\t\t\t\t\t<div class=\"elementor-container elementor-column-gap-default\">\n\t\t\t\t\t<div class=\"elementor-column elementor-col-100 elementor-top-column elementor-element elementor-element-189aa448\" data-id=\"189aa448\" data-element_type=\"column\" data-e-type=\"column\">\n\t\t\t<div class=\"elementor-widget-wrap elementor-element-populated\">\n\t\t\t\t\t\t<div class=\"elementor-element elementor-element-679f0ef1 elementor-invisible elementor-widget elementor-widget-heading\" data-id=\"679f0ef1\" data-element_type=\"widget\" data-e-type=\"widget\" data-settings=\"{&quot;_animation&quot;:&quot;fadeInUp&quot;}\" data-widget_type=\"heading.default\">\n\t\t\t\t<div class=\"elementor-widget-container\">\n\t\t\t\t\t<h1 class=\"elementor-heading-title elementor-size-default\">POLITIQUE DE PRIVACIT\u00c9<\/h1>\t\t\t\t<\/div>\n\t\t\t\t<\/div>\n\t\t\t\t<div class=\"elementor-element elementor-element-3c7fc19 elementor-invisible elementor-widget elementor-widget-text-editor\" data-id=\"3c7fc19\" data-element_type=\"widget\" data-e-type=\"widget\" data-settings=\"{&quot;_animation&quot;:&quot;fadeInUp&quot;}\" data-widget_type=\"text-editor.default\">\n\t\t\t\t<div class=\"elementor-widget-container\">\n\t\t\t\t\t\t\t\t\t<p>INFORMATION BASIQUE SUR LA PROTECTION DES DONN\u00c9ES<\/p>\t\t\t\t\t\t\t\t<\/div>\n\t\t\t\t<\/div>\n\t\t\t\t\t<\/div>\n\t\t<\/div>\n\t\t\t\t\t<\/div>\n\t\t<\/section>\n\t\t\t\t<section class=\"elementor-section elementor-top-section elementor-element elementor-element-e738d67 elementor-section-boxed elementor-section-height-default elementor-section-height-default\" data-id=\"e738d67\" data-element_type=\"section\" data-e-type=\"section\">\n\t\t\t\t\t\t<div class=\"elementor-container elementor-column-gap-default\">\n\t\t\t\t\t<div class=\"elementor-column elementor-col-100 elementor-top-column elementor-element elementor-element-2d2f017\" data-id=\"2d2f017\" data-element_type=\"column\" data-e-type=\"column\">\n\t\t\t<div class=\"elementor-widget-wrap elementor-element-populated\">\n\t\t\t\t\t\t<div class=\"elementor-element elementor-element-b6dffae elementor-widget elementor-widget-text-editor\" data-id=\"b6dffae\" data-element_type=\"widget\" data-e-type=\"widget\" data-widget_type=\"text-editor.default\">\n\t\t\t\t<div class=\"elementor-widget-container\">\n\t\t\t\t\t\t\t\t\t<p><strong>Responsable:<\/strong>\u00a0AGROEVOLYA, SL<br \/><strong>Finalit\u00e9:<\/strong> Vous informer sur les services et produits publi\u00e9s sur notre page Web<br \/><strong>L\u00e9gitimation:<\/strong> Pour ement de l&rsquo;int\u00e9ress\u00e9<br \/><strong>P\u00e9riode de stockage:<\/strong> l&rsquo;\u00e9tabli l\u00e9galement<br \/><strong>Destinataires:<\/strong> Les donn\u00e9es ne seront pas transmises \u00e0 des tiers, sauf dans le cas o\u00f9 il existerait une obligation l\u00e9gale<br \/><strong>Droits:<\/strong> vous pouvez acc\u00e9der, rectifier et supprimer vos donn\u00e9es, et vous avez d&rsquo;autres droits, comme il est indiqu\u00e9 dans l&rsquo;information additionnelle<br \/><strong>Localisation:<\/strong> Vous pouvez consulter des informations suppl\u00e9mentaires et des d\u00e9tails sur la protection des donn\u00e9es dans la section <strong>AVISO LEGAL<\/strong>, situ\u00e9 sur ce site.<\/p>\t\t\t\t\t\t\t\t<\/div>\n\t\t\t\t<\/div>\n\t\t\t\t<div class=\"elementor-element elementor-element-54362a9 elementor-widget elementor-widget-text-editor\" data-id=\"54362a9\" data-element_type=\"widget\" data-e-type=\"widget\" data-widget_type=\"text-editor.default\">\n\t\t\t\t<div class=\"elementor-widget-container\">\n\t\t\t\t\t\t\t\t\t<p><strong>Responsable:<\/strong><\/p>\n<p><strong>Gros titre:<\/strong>&nbsp;AGROEVOLYA, SL<br><strong>C.I.F:<\/strong> B67813410<br><strong>Si\u00e9ge social:<\/strong> Rambla Corregidor Escofet, 87 1\u00ba1\u00aa&nbsp; LLEIDA (25005)<br><strong>E-mail:<\/strong> <a style=\"color: inherit;\" href=\"mailto:evolya@evolya.com\">gestion@agroevolya.com<\/a><br><strong>T\u00e9l\u00e9phone:<\/strong> <a style=\"color: inherit;\" href=\"http:\/\/973751800\">973307494<\/a><\/p>\t\t\t\t\t\t\t\t<\/div>\n\t\t\t\t<\/div>\n\t\t\t\t<div class=\"elementor-element elementor-element-71e3c39 elementor-widget elementor-widget-text-editor\" data-id=\"71e3c39\" data-element_type=\"widget\" data-e-type=\"widget\" data-widget_type=\"text-editor.default\">\n\t\t\t\t<div class=\"elementor-widget-container\">\n\t\t\t\t\t\t\t\t\t<p><strong>EVOLYA, SL<\/strong> responsable du traitement des donn\u00e9es personnelles et vous informe que ces donn\u00e9es seront trait\u00e9es conform\u00e9ment aux dispositions du R\u00e8glement (UE) 2016\/679 du 27 avril 2016 (RGPD), dont les informations suivantes sont fournies sur le traitement :<\/p>\t\t\t\t\t\t\t\t<\/div>\n\t\t\t\t<\/div>\n\t\t\t\t<div class=\"elementor-element elementor-element-b6de76a elementor-widget elementor-widget-text-editor\" data-id=\"b6de76a\" data-element_type=\"widget\" data-e-type=\"widget\" data-widget_type=\"text-editor.default\">\n\t\t\t\t<div class=\"elementor-widget-container\">\n\t\t\t\t\t\t\t\t\t<p><strong>But du traitement:<\/strong><\/p><p>&#8211; La prestation de nos services li\u00e9s au commerce de machines, \u00e9quipements et fournitures agricoles.<\/p><p>&#8211; R\u00e9pondre aux demandes d&rsquo;informations que vous nous adressez via les formulaires de contact<\/p><p>Les donn\u00e9es personnelles que l&rsquo;utilisateur de notre site Web nous fournit \u00e0 travers les formulaires et les fonctionnalit\u00e9s qui y sont activ\u00e9es, seront trait\u00e9es en g\u00e9n\u00e9ral afin de fournir les informations demand\u00e9es par les utilisateurs, de r\u00e9pondre \u00e0 leurs questions ou demandes, ainsi qu&rsquo;\u00e0 toute autre fin. auxquels se r\u00e9f\u00e8rent les formulaires et les fonctionnalit\u00e9s propos\u00e9s \u00e0 tout moment sur le Web.<\/p>\t\t\t\t\t\t\t\t<\/div>\n\t\t\t\t<\/div>\n\t\t\t\t<div class=\"elementor-element elementor-element-7070b8e elementor-widget elementor-widget-text-editor\" data-id=\"7070b8e\" data-element_type=\"widget\" data-e-type=\"widget\" data-widget_type=\"text-editor.default\">\n\t\t\t\t<div class=\"elementor-widget-container\">\n\t\t\t\t\t\t\t\t\t<p><strong>L\u00e9gitimation:<\/strong><\/p><p>AGROEVOLYA, SL, traitera les donn\u00e9es personnelles fournies par l&rsquo;int\u00e9ress\u00e9 pour r\u00e9pondre \u00e0 sa demande d&rsquo;information ou pour fournir le service demand\u00e9, moyennant le consentement de l&rsquo;int\u00e9ress\u00e9. L&rsquo;utilisateur a le droit de retirer le consentement donn\u00e9 \u00e0 tout moment.<\/p><p>La base juridique des traitements est le consentement accord\u00e9 par les Utilisateurs donn\u00e9 en acceptant la pr\u00e9sente Politique de Confidentialit\u00e9 et les cases correspondantes.<\/p>\t\t\t\t\t\t\t\t<\/div>\n\t\t\t\t<\/div>\n\t\t\t\t<div class=\"elementor-element elementor-element-701c949 elementor-widget elementor-widget-text-editor\" data-id=\"701c949\" data-element_type=\"widget\" data-e-type=\"widget\" data-widget_type=\"text-editor.default\">\n\t\t\t\t<div class=\"elementor-widget-container\">\n\t\t\t\t\t\t\t\t\t<p><strong>Crit\u00e8res de conservation des donn\u00e9es:<\/strong><\/p><p>Elles seront conserv\u00e9es tant qu&rsquo;il y aura un int\u00e9r\u00eat mutuel \u00e0 maintenir la fin du traitement et lorsqu&rsquo;elles ne seront plus n\u00e9cessaires \u00e0 cette fin, elles seront supprim\u00e9es avec des mesures de s\u00e9curit\u00e9 ad\u00e9quates pour garantir la pseudonymisation des donn\u00e9es ou la destruction totale des le m\u00eame.<\/p>\t\t\t\t\t\t\t\t<\/div>\n\t\t\t\t<\/div>\n\t\t\t\t<div class=\"elementor-element elementor-element-38272d9 elementor-widget elementor-widget-text-editor\" data-id=\"38272d9\" data-element_type=\"widget\" data-e-type=\"widget\" data-widget_type=\"text-editor.default\">\n\t\t\t\t<div class=\"elementor-widget-container\">\n\t\t\t\t\t\t\t\t\t<p><strong>Destinataires:<\/strong><\/p><p>AGROEVOLYA, SL ne transf\u00e9rera pas de donn\u00e9es personnelles \u00e0 des tiers, sauf lorsqu&rsquo;il existe une obligation l\u00e9gale \u00e0 cet \u00e9gard. Dans ces cas, nous veillons \u00e0 ce que les destinataires respectent la confidentialit\u00e9 et mettent en place des mesures ad\u00e9quates pour prot\u00e9ger les donn\u00e9es personnelles.<\/p><p>Les prestataires de services externes avec lesquels AGROEVOLYA, SL travaille, peuvent avoir acc\u00e8s aux donn\u00e9es pour fournir les services correspondants, cependant, ils n&rsquo;utilisent pas ces informations \u00e0 leurs propres fins ou pour les transf\u00e9rer \u00e0 des tiers.<\/p>\t\t\t\t\t\t\t\t<\/div>\n\t\t\t\t<\/div>\n\t\t\t\t<div class=\"elementor-element elementor-element-b58b506 elementor-widget elementor-widget-text-editor\" data-id=\"b58b506\" data-element_type=\"widget\" data-e-type=\"widget\" data-widget_type=\"text-editor.default\">\n\t\t\t\t<div class=\"elementor-widget-container\">\n\t\t\t\t\t\t\t\t\t<p><strong>Droits qui aident l&rsquo;Int\u00e9ress\u00e9:<\/strong><\/p><p>&#8211; Droit \u00e0 <u>retirer son consentement<\/u>ou \u00e0 tout moment.<\/p><p>&#8211; A la droite de <u>acc\u00e9der<\/u>, <u>rectification<\/u>, <u>portabilit\u00e9<\/u> Oui <u>suppression<\/u> de vos donn\u00e9es et <u>limitation<\/u> ou <u>opposition<\/u> \u00e0 votre traitement.<\/p><p>&#8211; Droit de d\u00e9poser une r\u00e9clamation aupr\u00e8s de l&rsquo;Autorit\u00e9 de contr\u00f4le (www.agpd.es) si vous consid\u00e9rez que le traitement n&rsquo;est pas conforme \u00e0 la r\u00e9glementation en vigueur.<\/p>\t\t\t\t\t\t\t\t<\/div>\n\t\t\t\t<\/div>\n\t\t\t\t<div class=\"elementor-element elementor-element-a79e338 elementor-widget elementor-widget-text-editor\" data-id=\"a79e338\" data-element_type=\"widget\" data-e-type=\"widget\" data-widget_type=\"text-editor.default\">\n\t\t\t\t<div class=\"elementor-widget-container\">\n\t\t\t\t\t\t\t\t\t<p>Coordonn\u00e9es du responsable du traitement, pour exercer vos droits:<\/p><p><strong>Gros titre:<\/strong>\u00a0AGROEVOLYA, SL<br \/><strong>C.I.F:<\/strong> B67813410<br \/><strong>Si\u00e9ge social:<\/strong> Rambla Corregidor Escofet, 87 1\u00ba1\u00aa\u00a0 LLEIDA (25005)<br \/><strong>E-mail:<\/strong> <a style=\"color: inherit;\" href=\"mailto:evolya@evolya.com\">gestion@agroevolya.com<\/a><br \/><strong>T\u00e9l\u00e9phone:<\/strong> <a style=\"color: inherit;\" href=\"http:\/\/973751800\">973307494<\/a><\/p>\t\t\t\t\t\t\t\t<\/div>\n\t\t\t\t<\/div>\n\t\t\t\t\t<\/div>\n\t\t<\/div>\n\t\t\t\t\t<\/div>\n\t\t<\/section>\n\t\t\t\t<\/div>\n\t\t","protected":false},"excerpt":{"rendered":"<p>POLITIQUE DE PRIVACIT\u00c9 INFORMATION BASIQUE SUR LA PROTECTION DES DONN\u00c9ES Responsable:\u00a0AGROEVOLYA, SLFinalit\u00e9: Vous informer sur les services et produits publi\u00e9s sur notre page WebL\u00e9gitimation: Pour ement de l&rsquo;int\u00e9ress\u00e9P\u00e9riode de stockage: l&rsquo;\u00e9tabli l\u00e9galementDestinataires: Les donn\u00e9es ne seront pas transmises \u00e0 des tiers, sauf dans le cas o\u00f9 il existerait une obligation l\u00e9galeDroits: vous pouvez acc\u00e9der, rectifier [&hellip;]<\/p>\n","protected":false},"author":1,"featured_media":0,"parent":0,"menu_order":0,"comment_status":"closed","ping_status":"closed","template":"elementor_header_footer","meta":{"footnotes":""},"class_list":["post-5609","page","type-page","status-publish","hentry"],"yoast_head":"<!-- This site is optimized with the Yoast SEO plugin v27.3 - https:\/\/yoast.com\/product\/yoast-seo-wordpress\/ -->\n<title>Politique de privacit\u00e9 - AgroEvolya<\/title>\n<meta name=\"robots\" content=\"index, follow, max-snippet:-1, max-image-preview:large, max-video-preview:-1\" \/>\n<link rel=\"canonical\" href=\"https:\/\/agroevolya.com\/politica-de-privacidad\/\" \/>\n<meta property=\"og:locale\" content=\"fr_FR\" \/>\n<meta property=\"og:type\" content=\"article\" \/>\n<meta property=\"og:title\" content=\"Politique de privacit\u00e9 - AgroEvolya\" \/>\n<meta property=\"og:description\" content=\"POLITIQUE DE PRIVACIT\u00c9 INFORMATION BASIQUE SUR LA PROTECTION DES DONN\u00c9ES Responsable:\u00a0AGROEVOLYA, SLFinalit\u00e9: Vous informer sur les services et produits publi\u00e9s sur notre page WebL\u00e9gitimation: Pour ement de l&rsquo;int\u00e9ress\u00e9P\u00e9riode de stockage: l&rsquo;\u00e9tabli l\u00e9galementDestinataires: Les donn\u00e9es ne seront pas transmises \u00e0 des tiers, sauf dans le cas o\u00f9 il existerait une obligation l\u00e9galeDroits: vous pouvez acc\u00e9der, rectifier [&hellip;]\" \/>\n<meta property=\"og:url\" content=\"https:\/\/agroevolya.com\/politica-de-privacidad\/\" \/>\n<meta property=\"og:site_name\" content=\"AgroEvolya\" \/>\n<meta property=\"article:modified_time\" content=\"2023-07-13T10:47:27+00:00\" \/>\n<meta name=\"twitter:card\" content=\"summary_large_image\" \/>\n<meta name=\"twitter:label1\" content=\"Dur\u00e9e de lecture estim\u00e9e\" \/>\n\t<meta name=\"twitter:data1\" content=\"3 minutes\" \/>\n<script type=\"application\/ld+json\" class=\"yoast-schema-graph\">{\"@context\":\"https:\\\/\\\/schema.org\",\"@graph\":[{\"@type\":\"WebPage\",\"@id\":\"https:\\\/\\\/agroevolya.com\\\/politica-de-privacidad\\\/\",\"url\":\"https:\\\/\\\/agroevolya.com\\\/politica-de-privacidad\\\/\",\"name\":\"Politique de privacit\u00e9 - AgroEvolya\",\"isPartOf\":{\"@id\":\"https:\\\/\\\/agroevolya.com\\\/#website\"},\"datePublished\":\"2022-05-09T11:17:38+00:00\",\"dateModified\":\"2023-07-13T10:47:27+00:00\",\"breadcrumb\":{\"@id\":\"https:\\\/\\\/agroevolya.com\\\/politica-de-privacidad\\\/#breadcrumb\"},\"inLanguage\":\"fr-FR\",\"potentialAction\":[{\"@type\":\"ReadAction\",\"target\":[\"https:\\\/\\\/agroevolya.com\\\/politica-de-privacidad\\\/\"]}]},{\"@type\":\"BreadcrumbList\",\"@id\":\"https:\\\/\\\/agroevolya.com\\\/politica-de-privacidad\\\/#breadcrumb\",\"itemListElement\":[{\"@type\":\"ListItem\",\"position\":1,\"name\":\"Portada\",\"item\":\"https:\\\/\\\/agroevolya.com\\\/\"},{\"@type\":\"ListItem\",\"position\":2,\"name\":\"Politique de privacit\u00e9\"}]},{\"@type\":\"WebSite\",\"@id\":\"https:\\\/\\\/agroevolya.com\\\/#website\",\"url\":\"https:\\\/\\\/agroevolya.com\\\/\",\"name\":\"AgroEvolya\",\"description\":\"Fertilizantes\",\"publisher\":{\"@id\":\"https:\\\/\\\/agroevolya.com\\\/#organization\"},\"potentialAction\":[{\"@type\":\"SearchAction\",\"target\":{\"@type\":\"EntryPoint\",\"urlTemplate\":\"https:\\\/\\\/agroevolya.com\\\/?s={search_term_string}\"},\"query-input\":{\"@type\":\"PropertyValueSpecification\",\"valueRequired\":true,\"valueName\":\"search_term_string\"}}],\"inLanguage\":\"fr-FR\"},{\"@type\":\"Organization\",\"@id\":\"https:\\\/\\\/agroevolya.com\\\/#organization\",\"name\":\"Evolya\",\"url\":\"https:\\\/\\\/agroevolya.com\\\/\",\"logo\":{\"@type\":\"ImageObject\",\"inLanguage\":\"fr-FR\",\"@id\":\"https:\\\/\\\/agroevolya.com\\\/#\\\/schema\\\/logo\\\/image\\\/\",\"url\":\"https:\\\/\\\/agroevolya.com\\\/wp-content\\\/uploads\\\/4_image005.png\",\"contentUrl\":\"https:\\\/\\\/agroevolya.com\\\/wp-content\\\/uploads\\\/4_image005.png\",\"width\":244,\"height\":94,\"caption\":\"Evolya\"},\"image\":{\"@id\":\"https:\\\/\\\/agroevolya.com\\\/#\\\/schema\\\/logo\\\/image\\\/\"}}]}<\/script>\n<!-- \/ Yoast SEO plugin. -->","yoast_head_json":{"title":"Politique de privacit\u00e9 - AgroEvolya","robots":{"index":"index","follow":"follow","max-snippet":"max-snippet:-1","max-image-preview":"max-image-preview:large","max-video-preview":"max-video-preview:-1"},"canonical":"https:\/\/agroevolya.com\/politica-de-privacidad\/","og_locale":"fr_FR","og_type":"article","og_title":"Politique de privacit\u00e9 - AgroEvolya","og_description":"POLITIQUE DE PRIVACIT\u00c9 INFORMATION BASIQUE SUR LA PROTECTION DES DONN\u00c9ES Responsable:\u00a0AGROEVOLYA, SLFinalit\u00e9: Vous informer sur les services et produits publi\u00e9s sur notre page WebL\u00e9gitimation: Pour ement de l&rsquo;int\u00e9ress\u00e9P\u00e9riode de stockage: l&rsquo;\u00e9tabli l\u00e9galementDestinataires: Les donn\u00e9es ne seront pas transmises \u00e0 des tiers, sauf dans le cas o\u00f9 il existerait une obligation l\u00e9galeDroits: vous pouvez acc\u00e9der, rectifier [&hellip;]","og_url":"https:\/\/agroevolya.com\/politica-de-privacidad\/","og_site_name":"AgroEvolya","article_modified_time":"2023-07-13T10:47:27+00:00","twitter_card":"summary_large_image","twitter_misc":{"Dur\u00e9e de lecture estim\u00e9e":"3 minutes"},"schema":{"@context":"https:\/\/schema.org","@graph":[{"@type":"WebPage","@id":"https:\/\/agroevolya.com\/politica-de-privacidad\/","url":"https:\/\/agroevolya.com\/politica-de-privacidad\/","name":"Politique de privacit\u00e9 - AgroEvolya","isPartOf":{"@id":"https:\/\/agroevolya.com\/#website"},"datePublished":"2022-05-09T11:17:38+00:00","dateModified":"2023-07-13T10:47:27+00:00","breadcrumb":{"@id":"https:\/\/agroevolya.com\/politica-de-privacidad\/#breadcrumb"},"inLanguage":"fr-FR","potentialAction":[{"@type":"ReadAction","target":["https:\/\/agroevolya.com\/politica-de-privacidad\/"]}]},{"@type":"BreadcrumbList","@id":"https:\/\/agroevolya.com\/politica-de-privacidad\/#breadcrumb","itemListElement":[{"@type":"ListItem","position":1,"name":"Portada","item":"https:\/\/agroevolya.com\/"},{"@type":"ListItem","position":2,"name":"Politique de privacit\u00e9"}]},{"@type":"WebSite","@id":"https:\/\/agroevolya.com\/#website","url":"https:\/\/agroevolya.com\/","name":"AgroEvolya","description":"Fertilizantes","publisher":{"@id":"https:\/\/agroevolya.com\/#organization"},"potentialAction":[{"@type":"SearchAction","target":{"@type":"EntryPoint","urlTemplate":"https:\/\/agroevolya.com\/?s={search_term_string}"},"query-input":{"@type":"PropertyValueSpecification","valueRequired":true,"valueName":"search_term_string"}}],"inLanguage":"fr-FR"},{"@type":"Organization","@id":"https:\/\/agroevolya.com\/#organization","name":"Evolya","url":"https:\/\/agroevolya.com\/","logo":{"@type":"ImageObject","inLanguage":"fr-FR","@id":"https:\/\/agroevolya.com\/#\/schema\/logo\/image\/","url":"https:\/\/agroevolya.com\/wp-content\/uploads\/4_image005.png","contentUrl":"https:\/\/agroevolya.com\/wp-content\/uploads\/4_image005.png","width":244,"height":94,"caption":"Evolya"},"image":{"@id":"https:\/\/agroevolya.com\/#\/schema\/logo\/image\/"}}]}},"_links":{"self":[{"href":"https:\/\/agroevolya.com\/fr\/wp-json\/wp\/v2\/pages\/5609","targetHints":{"allow":["GET"]}}],"collection":[{"href":"https:\/\/agroevolya.com\/fr\/wp-json\/wp\/v2\/pages"}],"about":[{"href":"https:\/\/agroevolya.com\/fr\/wp-json\/wp\/v2\/types\/page"}],"author":[{"embeddable":true,"href":"https:\/\/agroevolya.com\/fr\/wp-json\/wp\/v2\/users\/1"}],"replies":[{"embeddable":true,"href":"https:\/\/agroevolya.com\/fr\/wp-json\/wp\/v2\/comments?post=5609"}],"version-history":[{"count":0,"href":"https:\/\/agroevolya.com\/fr\/wp-json\/wp\/v2\/pages\/5609\/revisions"}],"wp:attachment":[{"href":"https:\/\/agroevolya.com\/fr\/wp-json\/wp\/v2\/media?parent=5609"}],"curies":[{"name":"wp","href":"https:\/\/api.w.org\/{rel}","templated":true}]}}